{"id":58,"date":"2016-05-29T13:31:27","date_gmt":"2016-05-29T11:31:27","guid":{"rendered":"http:\/\/www.autoskoladany.cz\/?page_id=58"},"modified":"2025-07-17T17:27:22","modified_gmt":"2025-07-17T15:27:22","slug":"terminy","status":"publish","type":"page","link":"https:\/\/www.autoskoladany.cz\/?page_id=58","title":{"rendered":"TERM\u00cdNY"},"content":{"rendered":"<p><strong>ZAH\u00c1JEN\u00cd DAL\u0160\u00cdHO KURZU :<\/strong><\/p>\n<p>!!!! D\u00c1RKOV\u00dd POUKAZ !!!<\/p>\n<p>KURZ LZE ZAH\u00c1JIT INDIVIDU\u00c1LN\u011a I MIMO TYTO TERM\u00cdNY, V\u017dDY PO DOMLUV\u011a.<\/p>\n<p>KURZY ZAHAJUJEME PRAVIDELN\u011a KA\u017dD\u00dd M\u011aS\u00cdC<\/p>\n<p>SRPEN 5.8.2025 a 26.8.2025<br \/>\nZ\u00c1\u0158\u00cd 9.9.2025<\/p>\n<p>\u0158\u00cdJEN 7.10.205<\/p>\n<p>pros\u00edm p\u0159ihl\u00e1\u0161ky lze odevzdat ka\u017ed\u00e9 \u00daTER\u00dd V T\u0158EB\u00cd\u010cI 14.30 &#8211; 15.30 hod.<\/p>\n<p>JINAK DLE DOMLUVY volejte na tel. 777 095 270<\/p>\n<p>Rychlokurzy\u00a0 dle domluvy term\u00edn po domluv\u011b.<\/p>\n<p>Vr\u00e1cen\u00ed \u0158IDI\u010cSK\u00c9HO OPR\u00c1VN\u011aN\u00cd, term\u00edn dle dohody.<\/p>\n<p>ZM\u011aNY TERM\u00cdNU J\u00cdZD PROS\u00cdM HL\u00c1SIT DEN DOP\u0158EDU DO 20.00 HOD.<\/p>\n","protected":false},"excerpt":{"rendered":"<p>ZAH\u00c1JEN\u00cd DAL\u0160\u00cdHO KURZU : !!!! D\u00c1RKOV\u00dd POUKAZ !!! KURZ LZE ZAH\u00c1JIT INDIVIDU\u00c1LN\u011a I MIMO TYTO TERM\u00cdNY, V\u017dDY PO DOMLUV\u011a. KURZY ZAHAJUJEME PRAVIDELN\u011a KA\u017dD\u00dd M\u011aS\u00cdC SRPEN 5.8.2025 a 26.8.2025 Z\u00c1\u0158\u00cd 9.9.2025 \u0158\u00cdJEN 7.10.205 pros\u00edm p\u0159ihl\u00e1\u0161ky lze odevzdat ka\u017ed\u00e9 \u00daTER\u00dd V T\u0158EB\u00cd\u010cI 14.30 &#8211; 15.30 hod. JINAK DLE DOMLUVY volejte na tel. 777 095 270 Rychlokurzy\u00a0 dle [&hellip;]<\/p>\n","protected":false},"author":1,"featured_media":0,"parent":0,"menu_order":0,"comment_status":"open","ping_status":"open","template":"","meta":{"footnotes":""},"class_list":["post-58","page","type-page","status-publish","hentry"],"_links":{"self":[{"href":"https:\/\/www.autoskoladany.cz\/index.php?rest_route=\/wp\/v2\/pages\/58","targetHints":{"allow":["GET"]}}],"collection":[{"href":"https:\/\/www.autoskoladany.cz\/index.php?rest_route=\/wp\/v2\/pages"}],"about":[{"href":"https:\/\/www.autoskoladany.cz\/index.php?rest_route=\/wp\/v2\/types\/page"}],"author":[{"embeddable":true,"href":"https:\/\/www.autoskoladany.cz\/index.php?rest_route=\/wp\/v2\/users\/1"}],"replies":[{"embeddable":true,"href":"https:\/\/www.autoskoladany.cz\/index.php?rest_route=%2Fwp%2Fv2%2Fcomments&post=58"}],"version-history":[{"count":89,"href":"https:\/\/www.autoskoladany.cz\/index.php?rest_route=\/wp\/v2\/pages\/58\/revisions"}],"predecessor-version":[{"id":600,"href":"https:\/\/www.autoskoladany.cz\/index.php?rest_route=\/wp\/v2\/pages\/58\/revisions\/600"}],"wp:attachment":[{"href":"https:\/\/www.autoskoladany.cz\/index.php?rest_route=%2Fwp%2Fv2%2Fmedia&parent=58"}],"curies":[{"name":"wp","href":"https:\/\/api.w.org\/{rel}","templated":true}]}}