{"id":43,"date":"2016-05-29T13:01:42","date_gmt":"2016-05-29T11:01:42","guid":{"rendered":"http:\/\/www.autoskoladany.cz\/?page_id=43"},"modified":"2023-05-16T14:12:00","modified_gmt":"2023-05-16T12:12:00","slug":"kontakty","status":"publish","type":"page","link":"https:\/\/www.autoskoladany.cz\/?page_id=43","title":{"rendered":"Kontakty"},"content":{"rendered":"<p><strong><a href=\"https:\/\/www.autoskoladany.cz\/wp-content\/uploads\/2016\/05\/IMG_20160506_091809.jpg\"><img loading=\"lazy\" decoding=\"async\" class=\"alignnone size-medium wp-image-79\" src=\"https:\/\/www.autoskoladany.cz\/wp-content\/uploads\/2016\/05\/IMG_20160506_091809-300x225.jpg\" alt=\"Kde n\u00e1s najdete \" width=\"300\" height=\"225\" srcset=\"https:\/\/www.autoskoladany.cz\/wp-content\/uploads\/2016\/05\/IMG_20160506_091809-300x225.jpg 300w, https:\/\/www.autoskoladany.cz\/wp-content\/uploads\/2016\/05\/IMG_20160506_091809-1024x768.jpg 1024w, https:\/\/www.autoskoladany.cz\/wp-content\/uploads\/2016\/05\/IMG_20160506_091809-100x75.jpg 100w, https:\/\/www.autoskoladany.cz\/wp-content\/uploads\/2016\/05\/IMG_20160506_091809.jpg 2048w\" sizes=\"auto, (max-width: 300px) 100vw, 300px\" \/><\/a><\/strong><\/p>\n<p><strong>Auto\u0161kola Dany<\/strong> V\u00e1m poskytne sv\u00e9 slu\u017eby\u00a0na pobo\u010dk\u00e1ch\u00a0na adrese:<\/p>\n<p>&nbsp;<\/p>\n<h1><strong>T\u0158EB\u00cd\u010c\u00a0\u00a0\u00a0\u00a0<\/strong>\u00a0\u00a0\u00a0\u00a0\u00a0\u00a0\u00a0\u00a0\u00a0\u00a0\u00a0\u00a0\u00a0\u00a0\u00a0\u00a0\u00a0\u00a0\u00a0\u00a0\u00a0\u00a0\u00a0\u00a0\u00a0\u00a0\u00a0\u00a0\u00a0\u00a0\u00a0\u00a0\u00a0\u00a0\u00a0\u00a0\u00a0\u00a0\u00a0\u00a0\u00a0 <strong><\/strong><\/h1>\n<p><strong>Masarykovo n\u00e1m.\u010d.127\u00a0\u00a0\u00a0\u00a0\u00a0\u00a0\u00a0\u00a0\u00a0\u00a0\u00a0\u00a0\u00a0\u00a0\u00a0\u00a0\u00a0\u00a0\u00a0\u00a0\u00a0\u00a0\u00a0\u00a0\u00a0\u00a0\u00a0\u00a0\u00a0\u00a0\u00a0\u00a0\u00a0\u00a0\u00a0\u00a0\u00a0\u00a0\u00a0\u00a0\u00a0\u00a0\u00a0\u00a0\u00a0<br \/>\n<strong> 674 01 T\u0159eb\u00ed\u010d\u00a0\u00a0\u00a0\u00a0\u00a0\u00a0\u00a0\u00a0\u00a0\u00a0\u00a0\u00a0\u00a0\u00a0\u00a0\u00a0\u00a0\u00a0\u00a0\u00a0\u00a0\u00a0\u00a0\u00a0\u00a0\u00a0\u00a0\u00a0\u00a0\u00a0\u00a0\u00a0\u00a0\u00a0\u00a0\u00a0\u00a0\u00a0\u00a0\u00a0\u00a0\u00a0\u00a0\u00a0\u00a0\u00a0\u00a0\u00a0\u00a0\u00a0\u00a0\u00a0\u00a0\u00a0\u00a0\u00a0\u00a0\u00a0\u00a0\u00a0\u00a0\u00a0 <\/p>\n<p>PROVOZN\u00cd DOBA \u00a0\u00a0<br \/>\n \u00fater\u00fd v\u017edy  14.00 &#8211; 15.00 hod.\u00a0\u00a0\u00a0\u00a0\u00a0\u00a0\u00a0\u00a0\u00a0\u00a0\u00a0\u00a0\u00a0\u00a0\u00a0\u00a0\u00a0\u00a0\u00a0\u00a0\u00a0\u00a0\u00a0\u00a0\u00a0\u00a0\u00a0\u00a0\u00a0\u00a0\u00a0\u00a0\u00a0\u00a0\u00a0\u00a0\u00a0\u00a0\u00a0\u00a0\u00a0\u00a0\u00a0\u00a0\u00a0\u00a0\u00a0\u00a0\u00a0<br \/>\n jinak dle domluvy<\/p>\n<p>Pro vyzvednuti a p\u0159ijet\u00ed p\u0159ihl\u00e1\u0161ek do auto\u0161koly<\/p>\n<p>&nbsp;<\/p>\n<p>Kontaktn\u00ed\u00a0 osoba : <strong>Daniela( Moravcov\u00e1\u00a0) Koumarov\u00e1\u00a0 <\/strong><\/p>\n<p><span style=\"text-decoration: underline;\"><strong>V\u00fduka + INSTRUKTORKA j\u00edzdy\u00a0 : DANIELA(MORAVCOV\u00c1) KOUMAROV\u00c1<\/strong><\/span><\/p>\n<p>tel. <strong>777 095 270<\/strong><\/p>\n<p>e-mail : <strong>autoskola.d@gmail.com<\/strong><\/p>\n<p><strong>\u00da\u0159edn\u00ed hodiny <\/strong>:<\/p>\n<p>Individu\u00e1ln\u011b dle telefonick\u00e9 domluvy.<\/p>\n<p>A najdete n\u00e1s tak\u00e9 na Facebooku.<\/p>\n<p>&nbsp;<\/p>\n<p>&nbsp;<\/p>\n<p>&nbsp;<\/p>\n<h1 style=\"text-align: center;\"><strong>R\u00e1di V\u00e1s nau\u010d\u00edme \u0159\u00eddit.<\/strong><\/h1>\n","protected":false},"excerpt":{"rendered":"<p>Auto\u0161kola Dany V\u00e1m poskytne sv\u00e9 slu\u017eby\u00a0na pobo\u010dk\u00e1ch\u00a0na adrese: &nbsp; T\u0158EB\u00cd\u010c\u00a0\u00a0\u00a0\u00a0\u00a0\u00a0\u00a0\u00a0\u00a0\u00a0\u00a0\u00a0\u00a0\u00a0\u00a0\u00a0\u00a0\u00a0\u00a0\u00a0\u00a0\u00a0\u00a0\u00a0\u00a0\u00a0\u00a0\u00a0\u00a0\u00a0\u00a0\u00a0\u00a0\u00a0\u00a0\u00a0\u00a0\u00a0\u00a0\u00a0\u00a0\u00a0\u00a0\u00a0\u00a0 Masarykovo n\u00e1m.\u010d.127\u00a0\u00a0\u00a0\u00a0\u00a0\u00a0\u00a0\u00a0\u00a0\u00a0\u00a0\u00a0\u00a0\u00a0\u00a0\u00a0\u00a0\u00a0\u00a0\u00a0\u00a0\u00a0\u00a0\u00a0\u00a0\u00a0\u00a0\u00a0\u00a0\u00a0\u00a0\u00a0\u00a0\u00a0\u00a0\u00a0\u00a0\u00a0\u00a0\u00a0\u00a0\u00a0\u00a0\u00a0\u00a0 674 01 T\u0159eb\u00ed\u010d\u00a0\u00a0\u00a0\u00a0\u00a0\u00a0\u00a0\u00a0\u00a0\u00a0\u00a0\u00a0\u00a0\u00a0\u00a0\u00a0\u00a0\u00a0\u00a0\u00a0\u00a0\u00a0\u00a0\u00a0\u00a0\u00a0\u00a0\u00a0\u00a0\u00a0\u00a0\u00a0\u00a0\u00a0\u00a0\u00a0\u00a0\u00a0\u00a0\u00a0\u00a0\u00a0\u00a0\u00a0\u00a0\u00a0\u00a0\u00a0\u00a0\u00a0\u00a0\u00a0\u00a0\u00a0\u00a0\u00a0\u00a0\u00a0\u00a0\u00a0\u00a0\u00a0 PROVOZN\u00cd DOBA \u00a0\u00a0 \u00fater\u00fd v\u017edy 14.00 &#8211; 15.00 hod.\u00a0\u00a0\u00a0\u00a0\u00a0\u00a0\u00a0\u00a0\u00a0\u00a0\u00a0\u00a0\u00a0\u00a0\u00a0\u00a0\u00a0\u00a0\u00a0\u00a0\u00a0\u00a0\u00a0\u00a0\u00a0\u00a0\u00a0\u00a0\u00a0\u00a0\u00a0\u00a0\u00a0\u00a0\u00a0\u00a0\u00a0\u00a0\u00a0\u00a0\u00a0\u00a0\u00a0\u00a0\u00a0\u00a0\u00a0\u00a0\u00a0 jinak dle domluvy Pro vyzvednuti a p\u0159ijet\u00ed p\u0159ihl\u00e1\u0161ek do auto\u0161koly &nbsp; Kontaktn\u00ed\u00a0 osoba : Daniela( Moravcov\u00e1\u00a0) Koumarov\u00e1\u00a0 V\u00fduka + INSTRUKTORKA j\u00edzdy\u00a0 : DANIELA(MORAVCOV\u00c1) KOUMAROV\u00c1 tel. 777 095 270 e-mail : autoskola.d@gmail.com [&hellip;]<\/p>\n","protected":false},"author":1,"featured_media":0,"parent":0,"menu_order":0,"comment_status":"open","ping_status":"open","template":"","meta":{"footnotes":""},"class_list":["post-43","page","type-page","status-publish","hentry"],"_links":{"self":[{"href":"https:\/\/www.autoskoladany.cz\/index.php?rest_route=\/wp\/v2\/pages\/43","targetHints":{"allow":["GET"]}}],"collection":[{"href":"https:\/\/www.autoskoladany.cz\/index.php?rest_route=\/wp\/v2\/pages"}],"about":[{"href":"https:\/\/www.autoskoladany.cz\/index.php?rest_route=\/wp\/v2\/types\/page"}],"author":[{"embeddable":true,"href":"https:\/\/www.autoskoladany.cz\/index.php?rest_route=\/wp\/v2\/users\/1"}],"replies":[{"embeddable":true,"href":"https:\/\/www.autoskoladany.cz\/index.php?rest_route=%2Fwp%2Fv2%2Fcomments&post=43"}],"version-history":[{"count":35,"href":"https:\/\/www.autoskoladany.cz\/index.php?rest_route=\/wp\/v2\/pages\/43\/revisions"}],"predecessor-version":[{"id":534,"href":"https:\/\/www.autoskoladany.cz\/index.php?rest_route=\/wp\/v2\/pages\/43\/revisions\/534"}],"wp:attachment":[{"href":"https:\/\/www.autoskoladany.cz\/index.php?rest_route=%2Fwp%2Fv2%2Fmedia&parent=43"}],"curies":[{"name":"wp","href":"https:\/\/api.w.org\/{rel}","templated":true}]}}