{"id":38,"date":"2016-05-29T12:57:21","date_gmt":"2016-05-29T10:57:21","guid":{"rendered":"http:\/\/www.autoskoladany.cz\/?page_id=38"},"modified":"2022-03-01T16:08:41","modified_gmt":"2022-03-01T15:08:41","slug":"o-nas","status":"publish","type":"page","link":"https:\/\/www.autoskoladany.cz\/?page_id=38","title":{"rendered":"O n\u00e1s"},"content":{"rendered":"<p>V\u00e1\u017een\u00ed z\u00e1kazn\u00edci,<\/p>\n<p>v\u00edt\u00e1me V\u00e1s na internetov\u00fdch str\u00e1nk\u00e1ch na\u0161\u00ed auto\u0161koly Dany.<\/p>\n<p>Auto\u0161kola Dany, s\u00eddl\u00edc\u00ed v T\u0159eb\u00ed\u010di, Masarykovo n\u00e1m. \u010d.127, nab\u00edz\u00ed kurzy k z\u00edsk\u00e1n\u00ed \u0159idi\u010dsk\u00e9ho opr\u00e1vn\u011bn\u00ed skupiny B. Dr\u017eitel \u0159idi\u010dsk\u00e9ho pr\u016fkazu skupiny B je opr\u00e1vn\u011bn k \u0159\u00edzen\u00ed motorov\u00fdch vozidel do celkov\u00e9 hmotnosti 3,5 tuny a maxim\u00e1ln\u011b 8 m\u00edsty k sezen\u00ed krom\u011b m\u00edsta \u0159idi\u010de. \u0158idi\u010d tak\u00e9 sm\u00ed u\u017e\u00edt p\u0159\u00edpojn\u00e9 vozidlo o maxim\u00e1ln\u00ed p\u0159\u00edpustn\u00e9 hmotnosti do 750 kg. Opr\u00e1vn\u011bn\u00ed skupiny B d\u00e1le oprav\u0148uje k \u0159\u00edzen\u00ed traktor\u016f a samoj\u00edzdn\u00fdch pracovn\u00edch stroj\u016f o maxim\u00e1ln\u00ed p\u0159\u00edpustn\u00e9 hmotnosti do 3,5 tuny.<\/p>\n<p><strong>V\u00fdcvikov\u00e1 vozidla auto\u0161koly<\/strong><\/p>\n<p>\u0160koda Fabie I, \u0160koda Fabie III, \u0160koda fabie IV<\/p>\n<p><strong>V\u00fdcvikov\u00e1 plocha a kancel\u00e1\u0159 auto\u0161koly<\/strong><\/p>\n<p>Informace o vozech<\/p>\n<p><strong>\u0160koda Fabia \u2013 1.2 HTP(40kW),tmav\u011b \u0161ed\u00e1 metal\u00edza<\/strong><\/p>\n<p><strong>\u0161koda\u00a0 Fabia r.2017\u00a0 \u00a0 modr\u00e1 metal\u00edza<\/strong><\/p>\n<p>\u0160KODA FABIE r.2021  modr\u00e1<\/p>\n<p>Je-li v\u00e1m n\u011bco nejasn\u00e9, \u010di byste r\u00e1di cht\u011bli dal\u0161\u00ed informace, kontaktujte n\u00e1s, pros\u00edm.<\/p>\n<p style=\"text-align: center;\"><em>Velice r\u00e1di zodpov\u00edme v\u0161echny va\u0161e dotazy<br \/>\n<\/em><\/p>\n<p><strong>Vr\u00e1cen\u00ed \u0159idi\u010dsk\u00e9ho opr\u00e1vn\u011bn\u00ed &#8211;\u00a0<\/strong>Vr\u00e1cen\u00ed \u0159idi\u010d\u00e1ku<\/p>\n<p>M\u00e1te 12 bod\u016f? Byl V\u00e1m ud\u011blen z\u00e1kaz \u0159\u00edzen\u00ed?<\/p>\n<p>&nbsp;<\/p>\n<h1><u>Vr\u00e1cen\u00ed \u0159idi\u010dsk\u00e9ho opr\u00e1vn\u011bn\u00ed vybodovan\u00e9mu \u0159idi\u010di<\/u><\/h1>\n<p>N\u00e1v\u0161t\u011bva p\u0159\u00edslu\u0161n\u00e9ho obecn\u00edho \u00fa\u0159adu (dle trval\u00e9ho pobytu), kter\u00fd V\u00e1m na po\u010dk\u00e1n\u00ed vyd\u00e1 V\u00fdpis z karty \u0159idi\u010de. (Pozor!! V\u00fdpis z bodov\u00e9ho registru z\u00edskan\u00fd v r\u00e1mci syst\u00e9mu CzechPoint &#8211; po\u0161ty atp. nenahrazuje V\u00fdpis z karty \u0159idi\u010de!)<\/p>\n<h3>\u0158idi\u010dsk\u00e9 opr\u00e1vn\u011bn\u00ed je mo\u017eno navr\u00e1tit \u017eadateli na z\u00e1klad\u011b jeho p\u00edsemn\u00e9 \u017e\u00e1dosti a p\u0159edlo\u017een\u00ed platn\u00e9ho ob\u010dansk\u00e9ho pr\u016fkazu, pokud:<\/h3>\n<ul>\n<li>vypr\u0161el cel\u00fd trest z\u00e1kazu \u010dinnosti spo\u010d\u00edvaj\u00edc\u00ed v z\u00e1kazu \u0159\u00edzen\u00ed motorov\u00fdch vozidel<\/li>\n<li>bylo upu\u0161t\u011bno nebo podm\u00edn\u011bn\u011b upu\u0161t\u011bno od v\u00fdkonu zbytku trestu nebo sankce z\u00e1kazu \u010dinnosti spo\u010d\u00edvaj\u00edc\u00ed v z\u00e1kazu \u0159\u00edzen\u00ed motorov\u00fdch vozidel<\/li>\n<li>zcela nebo z\u010d\u00e1sti pominuly d\u016fvody pro odn\u011bt\u00ed \u0159idi\u010dsk\u00e9ho opr\u00e1vn\u011bn\u00ed pro ztr\u00e1tu zdravotn\u00ed zp\u016fsobilosti podle \u00a7 94 odst. 1 p\u00edsm. a) z\u00e1kona \u010d. 361\/2000 Sb., ve zn\u011bn\u00ed pozd\u011bj\u0161\u00edch p\u0159edpis\u016f<\/li>\n<li>zcela nebo z\u010d\u00e1sti pominuly d\u016fvody pro odn\u011bt\u00ed \u0159idi\u010dsk\u00e9ho opr\u00e1vn\u011bn\u00ed pro ztr\u00e1tu odborn\u00e9 zp\u016fsobilosti podle \u00a7 94 odst. 1 p\u00edsm. b) v\u00fd\u0161e uveden\u00e9ho z\u00e1kona<\/li>\n<li>uplynula doba 1 roku ode dne pozbyt\u00ed \u0159idi\u010dsk\u00e9ho opr\u00e1vn\u011bn\u00ed podle \u00a7123c odst. 3 v\u00fd\u0161e uveden\u00e9ho z\u00e1kona (po 12 bodech)<\/li>\n<\/ul>\n<h3><u>CO PROTO UD\u011aLAT<\/u><\/h3>\n<ol>\n<li>P\u0159ihl\u00e1sit se k p\u0159ezkou\u0161en\u00ed z odborn\u00e9 zp\u016fsobilosti k \u0159\u00edzen\u00ed motorov\u00fdch vozidel. Toto p\u0159ezkou\u0161en\u00ed nesm\u00ed b\u00fdt d\u0159\u00edve ne\u017e 12 m\u011bs\u00edc\u016f po vybodov\u00e1n\u00ed (ulo\u017een\u00ed pokuty) a prob\u011bhne podle \u00a7 39 a) z\u00e1kona 247\/2000 Sb. Je zpoplatn\u011bno <strong>spr\u00e1vn\u00edm poplatkem M\u011bstsk\u00e9mu \u00fa\u0159adu<strong>  700 K\u010d.<\/strong><strong><\/strong><\/li>\n<li><strong>Mus\u00edte<\/strong> vyplnit \u017e\u00e1dost o \u0159idi\u010dsk\u00e9 opr\u00e1vn\u011bn\u00ed a sou\u010dasn\u011b s \u017e\u00e1dost\u00ed i p\u0159edlo\u017eit l\u00e9ka\u0159sk\u00fd posudek o zdravotn\u00ed zp\u016fsobilosti v\u010detn\u011b dopravn\u011b psychologick\u00e9ho vy\u0161et\u0159en\u00ed ( nutno objednat psychologa)<\/li>\n<li>V auto\u0161kole si m\u016f\u017eete domluvit v\u00fduku a v\u00fdcvik jako p\u0159\u00edpravu na p\u0159ezkou\u0161en\u00ed. U\u010debn\u00ed materi\u00e1ly v\u00e1m budou u n\u00e1s poskytnuty (<strong>cena za jednu vyu\u010dovac\u00ed hodinu praktick\u00e9ho v\u00fdcviku je 400 K\u010d).<\/strong><\/li>\n<li>Budete p\u0159ihl\u00e1\u0161eni auto\u0161kolou na zkou\u0161ku z odborn\u00e9 zp\u016fsobilosti k \u0159\u00edzen\u00ed motorov\u00fdch vozidel a v uveden\u00fd term\u00edn p\u0159istav\u00ed vozidlo (<strong>poplatek za zkou\u0161ky auto\u0161kole \u010din\u00ed 4 000 K\u010d<\/strong>)<\/li>\n<li>Zkou\u0161ka se skl\u00e1d\u00e1 z elektronick\u00e9ho testu na PC o pravidlech provozu na pozemn\u00edch komunikac\u00edch a prvn\u00ed pomoci. A d\u00e1le z praktick\u00e9 j\u00edzdy, kter\u00e1 trv\u00e1 minim\u00e1ln\u011b 30 minut.<\/li>\n<\/ol>\n<p><strong>Pozor !!!!!<\/strong><\/p>\n<p>je zde mo\u017enost pouze jedn\u00e9 opravn\u00e9 zkou\u0161ky. V p\u0159\u00edpad\u011b, \u017ee n\u011bkterou zkou\u0161ku nezvl\u00e1dnete ani na druh\u00fd pokus, \u017eadatel mus\u00ed z t\u00e9to \u010d\u00e1sti absolvovat nov\u00fd v\u00fdcvik nebo v\u00fduku v auto\u0161kole.<\/p>\n<p>V p\u0159\u00edpad\u011b jak\u00e9hokoliv dotazu se na n\u00e1s nev\u00e1hejte obr\u00e1tit!<\/p>\n<h1><u>Kontakt<\/u><\/h1>\n<p>Auto\u0161kola Dany<\/p>\n<p>Daniela Moravcov\u00e1<\/p>\n<p>Mobil: 777\u00a0095 270<\/p>\n<p>Email: <a href=\"mailto:autoskola.d@gmail.com\">autoskola.d@gmail.com<\/a><\/p>\n<p>www.autoskoladany.cz<\/p>\n","protected":false},"excerpt":{"rendered":"<p>V\u00e1\u017een\u00ed z\u00e1kazn\u00edci, v\u00edt\u00e1me V\u00e1s na internetov\u00fdch str\u00e1nk\u00e1ch na\u0161\u00ed auto\u0161koly Dany. Auto\u0161kola Dany, s\u00eddl\u00edc\u00ed v T\u0159eb\u00ed\u010di, Masarykovo n\u00e1m. \u010d.127, nab\u00edz\u00ed kurzy k z\u00edsk\u00e1n\u00ed \u0159idi\u010dsk\u00e9ho opr\u00e1vn\u011bn\u00ed skupiny B. Dr\u017eitel \u0159idi\u010dsk\u00e9ho pr\u016fkazu skupiny B je opr\u00e1vn\u011bn k \u0159\u00edzen\u00ed motorov\u00fdch vozidel do celkov\u00e9 hmotnosti 3,5 tuny a maxim\u00e1ln\u011b 8 m\u00edsty k sezen\u00ed krom\u011b m\u00edsta \u0159idi\u010de. \u0158idi\u010d tak\u00e9 sm\u00ed u\u017e\u00edt [&hellip;]<\/p>\n","protected":false},"author":1,"featured_media":0,"parent":0,"menu_order":0,"comment_status":"open","ping_status":"open","template":"page-templates\/full-width.php","meta":{"footnotes":""},"class_list":["post-38","page","type-page","status-publish","hentry"],"_links":{"self":[{"href":"https:\/\/www.autoskoladany.cz\/index.php?rest_route=\/wp\/v2\/pages\/38","targetHints":{"allow":["GET"]}}],"collection":[{"href":"https:\/\/www.autoskoladany.cz\/index.php?rest_route=\/wp\/v2\/pages"}],"about":[{"href":"https:\/\/www.autoskoladany.cz\/index.php?rest_route=\/wp\/v2\/types\/page"}],"author":[{"embeddable":true,"href":"https:\/\/www.autoskoladany.cz\/index.php?rest_route=\/wp\/v2\/users\/1"}],"replies":[{"embeddable":true,"href":"https:\/\/www.autoskoladany.cz\/index.php?rest_route=%2Fwp%2Fv2%2Fcomments&post=38"}],"version-history":[{"count":11,"href":"https:\/\/www.autoskoladany.cz\/index.php?rest_route=\/wp\/v2\/pages\/38\/revisions"}],"predecessor-version":[{"id":480,"href":"https:\/\/www.autoskoladany.cz\/index.php?rest_route=\/wp\/v2\/pages\/38\/revisions\/480"}],"wp:attachment":[{"href":"https:\/\/www.autoskoladany.cz\/index.php?rest_route=%2Fwp%2Fv2%2Fmedia&parent=38"}],"curies":[{"name":"wp","href":"https:\/\/api.w.org\/{rel}","templated":true}]}}